{"id":462,"date":"2026-02-05T14:32:29","date_gmt":"2026-02-05T14:32:29","guid":{"rendered":"http:\/\/about.joybuy.com\/contact\/"},"modified":"2026-03-03T08:47:21","modified_gmt":"2026-03-03T08:47:21","slug":"contact","status":"publish","type":"page","link":"https:\/\/about.joybuy.com\/fr\/contact\/","title":{"rendered":"Contact"},"content":{"rendered":"","protected":false},"excerpt":{"rendered":"","protected":false},"author":1,"featured_media":0,"parent":0,"menu_order":0,"comment_status":"closed","ping_status":"closed","template":"templates\/template-builder.php","meta":{"_acf_changed":false,"_seopress_robots_primary_cat":"","_seopress_titles_title":"Contact Joybuy | Presse & Partenariats","_seopress_titles_desc":"Une question, une demande presse ou un projet de partenariat ? Notre \u00e9quipe est \u00e0 votre \u00e9coute.","_seopress_robots_index":"","footnotes":""},"class_list":["post-462","page","type-page","status-publish","hentry"],"acf":[],"_links":{"self":[{"href":"https:\/\/about.joybuy.com\/fr\/wp-json\/wp\/v2\/pages\/462","targetHints":{"allow":["GET"]}}],"collection":[{"href":"https:\/\/about.joybuy.com\/fr\/wp-json\/wp\/v2\/pages"}],"about":[{"href":"https:\/\/about.joybuy.com\/fr\/wp-json\/wp\/v2\/types\/page"}],"author":[{"embeddable":true,"href":"https:\/\/about.joybuy.com\/fr\/wp-json\/wp\/v2\/users\/1"}],"replies":[{"embeddable":true,"href":"https:\/\/about.joybuy.com\/fr\/wp-json\/wp\/v2\/comments?post=462"}],"version-history":[{"count":5,"href":"https:\/\/about.joybuy.com\/fr\/wp-json\/wp\/v2\/pages\/462\/revisions"}],"predecessor-version":[{"id":1125,"href":"https:\/\/about.joybuy.com\/fr\/wp-json\/wp\/v2\/pages\/462\/revisions\/1125"}],"wp:attachment":[{"href":"https:\/\/about.joybuy.com\/fr\/wp-json\/wp\/v2\/media?parent=462"}],"curies":[{"name":"wp","href":"https:\/\/api.w.org\/{rel}","templated":true}]}}