{"id":466,"date":"2026-02-05T14:32:21","date_gmt":"2026-02-05T14:32:21","guid":{"rendered":"http:\/\/about.joybuy.com\/about\/"},"modified":"2026-03-13T16:57:49","modified_gmt":"2026-03-13T16:57:49","slug":"about","status":"publish","type":"page","link":"https:\/\/about.joybuy.com\/fr\/about\/","title":{"rendered":"\u00c0 propos"},"content":{"rendered":"","protected":false},"excerpt":{"rendered":"","protected":false},"author":1,"featured_media":0,"parent":0,"menu_order":0,"comment_status":"closed","ping_status":"closed","template":"templates\/template-builder.php","meta":{"_acf_changed":false,"_seopress_robots_primary_cat":"","_seopress_titles_title":"\u00c0 propos de Joybuy | L\u2019e-commerce europ\u00e9en de JD.com","_seopress_titles_desc":"Joybuy est la plateforme de commerce en ligne de JD.com en Europe. Elle propose une s\u00e9lection de marques reconnues, exp\u00e9di\u00e9es directement depuis ses propres entrep\u00f4ts gr\u00e2ce \u00e0 un r\u00e9seau logistique rapide et fiable.","_seopress_robots_index":"","footnotes":""},"class_list":["post-466","page","type-page","status-publish","hentry"],"acf":[],"_links":{"self":[{"href":"https:\/\/about.joybuy.com\/fr\/wp-json\/wp\/v2\/pages\/466","targetHints":{"allow":["GET"]}}],"collection":[{"href":"https:\/\/about.joybuy.com\/fr\/wp-json\/wp\/v2\/pages"}],"about":[{"href":"https:\/\/about.joybuy.com\/fr\/wp-json\/wp\/v2\/types\/page"}],"author":[{"embeddable":true,"href":"https:\/\/about.joybuy.com\/fr\/wp-json\/wp\/v2\/users\/1"}],"replies":[{"embeddable":true,"href":"https:\/\/about.joybuy.com\/fr\/wp-json\/wp\/v2\/comments?post=466"}],"version-history":[{"count":6,"href":"https:\/\/about.joybuy.com\/fr\/wp-json\/wp\/v2\/pages\/466\/revisions"}],"predecessor-version":[{"id":1708,"href":"https:\/\/about.joybuy.com\/fr\/wp-json\/wp\/v2\/pages\/466\/revisions\/1708"}],"wp:attachment":[{"href":"https:\/\/about.joybuy.com\/fr\/wp-json\/wp\/v2\/media?parent=466"}],"curies":[{"name":"wp","href":"https:\/\/api.w.org\/{rel}","templated":true}]}}