{"id":472,"date":"2026-02-11T12:55:54","date_gmt":"2026-02-11T12:55:54","guid":{"rendered":"http:\/\/about.joybuy.com\/about\/employers-profile\/"},"modified":"2026-03-03T08:46:31","modified_gmt":"2026-03-03T08:46:31","slug":"joybuy-careers","status":"publish","type":"page","link":"https:\/\/about.joybuy.com\/fr\/about\/joybuy-careers\/","title":{"rendered":"Carri\u00e8res"},"content":{"rendered":"","protected":false},"excerpt":{"rendered":"","protected":false},"author":1,"featured_media":0,"parent":466,"menu_order":0,"comment_status":"closed","ping_status":"closed","template":"templates\/template-builder.php","meta":{"_acf_changed":false,"_seopress_robots_primary_cat":"","_seopress_titles_title":"Nous rejoindre | Carri\u00e8res chez Joybuy","_seopress_titles_desc":"Envie de participer au d\u00e9veloppement de Joybuy en Europe ? D\u00e9couvrez nos opportunit\u00e9s et rejoignez une \u00e9quipe dynamique qui contribue \u00e0 faire \u00e9voluer le commerce en ligne.","_seopress_robots_index":"","footnotes":""},"class_list":["post-472","page","type-page","status-publish","hentry"],"acf":[],"_links":{"self":[{"href":"https:\/\/about.joybuy.com\/fr\/wp-json\/wp\/v2\/pages\/472","targetHints":{"allow":["GET"]}}],"collection":[{"href":"https:\/\/about.joybuy.com\/fr\/wp-json\/wp\/v2\/pages"}],"about":[{"href":"https:\/\/about.joybuy.com\/fr\/wp-json\/wp\/v2\/types\/page"}],"author":[{"embeddable":true,"href":"https:\/\/about.joybuy.com\/fr\/wp-json\/wp\/v2\/users\/1"}],"replies":[{"embeddable":true,"href":"https:\/\/about.joybuy.com\/fr\/wp-json\/wp\/v2\/comments?post=472"}],"version-history":[{"count":10,"href":"https:\/\/about.joybuy.com\/fr\/wp-json\/wp\/v2\/pages\/472\/revisions"}],"predecessor-version":[{"id":1122,"href":"https:\/\/about.joybuy.com\/fr\/wp-json\/wp\/v2\/pages\/472\/revisions\/1122"}],"up":[{"embeddable":true,"href":"https:\/\/about.joybuy.com\/fr\/wp-json\/wp\/v2\/pages\/466"}],"wp:attachment":[{"href":"https:\/\/about.joybuy.com\/fr\/wp-json\/wp\/v2\/media?parent=472"}],"curies":[{"name":"wp","href":"https:\/\/api.w.org\/{rel}","templated":true}]}}